{"id":2,"date":"2024-05-07T13:05:00","date_gmt":"2024-05-07T11:05:00","guid":{"rendered":"https:\/\/cms-webdesign.ch\/closdelolivier\/?page_id=2"},"modified":"2024-07-01T10:35:41","modified_gmt":"2024-07-01T08:35:41","slug":"rechtliches","status":"publish","type":"page","link":"https:\/\/closdelolivier.fr\/fr\/rechtliches\/","title":{"rendered":"Mentions l\u00e9gales"},"content":{"rendered":"<div data-elementor-type=\"wp-page\" data-elementor-id=\"2\" class=\"elementor elementor-2\" data-elementor-post-type=\"page\">\n\t\t\t\t<div class=\"elementor-element elementor-element-72a670dd e-flex e-con-boxed e-con e-parent\" data-id=\"72a670dd\" data-element_type=\"container\" data-e-type=\"container\">\n\t\t\t\t\t<div class=\"e-con-inner\">\n\t\t\t\t<div class=\"elementor-element elementor-element-76027d61 elementor-widget elementor-widget-text-editor\" data-id=\"76027d61\" data-element_type=\"widget\" data-e-type=\"widget\" data-widget_type=\"text-editor.default\">\n\t\t\t\t<div class=\"elementor-widget-container\">\n\t\t\t\t\t\t\t\t\t<p><strong>Mentions l\u00e9gales<br \/><\/strong>Famille Grima<br \/>Chemin La Siege 45<br \/>F-26770 Aleyrac<br \/>info@closdelolivier.fr<\/p><p><strong>Clause de non-responsabilit\u00e9<\/strong> <br \/>En utilisant ce site web, vous acceptez les conditions suivantes. Nous avons cr\u00e9\u00e9 ce site web avec le plus grand soin possible. Nous ne garantissons toutefois pas l'exactitude, l'exhaustivit\u00e9, la pr\u00e9cision et l'actualit\u00e9 des contenus mis \u00e0 disposition sur ce site. Nous ne garantissons pas non plus la qualit\u00e9 des contenus qui sont transmis ou t\u00e9l\u00e9charg\u00e9s via ce site web. Nous nous r\u00e9servons le droit de modifier, de compl\u00e9ter ou de supprimer des parties du site web ou l'ensemble de l'offre sans pr\u00e9avis particulier. Droits d'auteur et droits voisins Tous les contenus publi\u00e9s sur ce site web sont soumis aux droits d'auteur et aux droits voisins. Les contenus de ce site web ne peuvent \u00eatre utilis\u00e9s qu'avec l'accord \u00e9crit pr\u00e9alable et la mention des droits d'auteur. Cela s'applique en particulier \u00e0 la reproduction, au traitement, \u00e0 la traduction, \u00e0 l'enregistrement, au traitement ou \u00e0 la restitution de contenus dans des bases de donn\u00e9es ou d'autres m\u00e9dias et syst\u00e8mes \u00e9lectroniques. Les contenus et droits de tiers sont signal\u00e9s comme tels. Liens externes Ce site web contient des liens vers des \"liens externes\" (sites web de tiers). Ces sites sont soumis \u00e0 la responsabilit\u00e9 de leurs exploitants respectifs. Nous n'avons aucune influence sur la conception actuelle et future ainsi que sur le contenu des sites li\u00e9s. D\u00e8s la prise de connaissance d'une infraction \u00e0 la loi, les liens externes correspondants sont imm\u00e9diatement supprim\u00e9s. L'utilisateur de liens externes doit \u00eatre conscient du fait que les exploitants de sites web li\u00e9s peuvent collecter et rassembler des donn\u00e9es personnelles (y compris des informations g\u00e9n\u00e9r\u00e9es par l'utilisation de cookies) d\u00e8s que leurs sites web sont visit\u00e9s. Nous ne sommes pas responsables de la mani\u00e8re dont ces op\u00e9rateurs collectent, utilisent ou divulguent les donn\u00e9es personnelles.<\/p>\t\t\t\t\t\t\t\t<\/div>\n\t\t\t\t<\/div>\n\t\t\t\t\t<\/div>\n\t\t\t\t<\/div>\n\t\t\t\t<\/div>","protected":false},"excerpt":{"rendered":"<p>ImpressumFamilie GrimaChemin La Siege 45F-26770 Aleyracinfo@closdelolivier.fr Haftungsbeschr\u00e4nkung Mit der Nutzung dieser Website akzeptieren Sie die nachfolgenden Bedingungen. Wir haben diese [&hellip;]<\/p>\n","protected":false},"author":1,"featured_media":0,"parent":0,"menu_order":0,"comment_status":"closed","ping_status":"closed","template":"","meta":{"inline_featured_image":false,"site-sidebar-layout":"default","site-content-layout":"","ast-site-content-layout":"default","site-content-style":"default","site-sidebar-style":"default","ast-global-header-display":"","ast-banner-title-visibility":"","ast-main-header-display":"","ast-hfb-above-header-display":"","ast-hfb-below-header-display":"","ast-hfb-mobile-header-display":"","site-post-title":"","ast-breadcrumbs-content":"","ast-featured-img":"","footer-sml-layout":"","ast-disable-related-posts":"","theme-transparent-header-meta":"","adv-header-id-meta":"","stick-header-meta":"","header-above-stick-meta":"","header-main-stick-meta":"","header-below-stick-meta":"","astra-migrate-meta-layouts":"default","ast-page-background-enabled":"default","ast-page-background-meta":{"desktop":{"background-color":"var(--ast-global-color-4)","background-image":"","background-repeat":"repeat","background-position":"center center","background-size":"auto","background-attachment":"scroll","background-type":"","background-media":"","overlay-type":"","overlay-color":"","overlay-opacity":"","overlay-gradient":""},"tablet":{"background-color":"","background-image":"","background-repeat":"repeat","background-position":"center center","background-size":"auto","background-attachment":"scroll","background-type":"","background-media":"","overlay-type":"","overlay-color":"","overlay-opacity":"","overlay-gradient":""},"mobile":{"background-color":"","background-image":"","background-repeat":"repeat","background-position":"center center","background-size":"auto","background-attachment":"scroll","background-type":"","background-media":"","overlay-type":"","overlay-color":"","overlay-opacity":"","overlay-gradient":""}},"ast-content-background-meta":{"desktop":{"background-color":"var(--ast-global-color-5)","background-image":"","background-repeat":"repeat","background-position":"center center","background-size":"auto","background-attachment":"scroll","background-type":"","background-media":"","overlay-type":"","overlay-color":"","overlay-opacity":"","overlay-gradient":""},"tablet":{"background-color":"var(--ast-global-color-5)","background-image":"","background-repeat":"repeat","background-position":"center center","background-size":"auto","background-attachment":"scroll","background-type":"","background-media":"","overlay-type":"","overlay-color":"","overlay-opacity":"","overlay-gradient":""},"mobile":{"background-color":"var(--ast-global-color-5)","background-image":"","background-repeat":"repeat","background-position":"center center","background-size":"auto","background-attachment":"scroll","background-type":"","background-media":"","overlay-type":"","overlay-color":"","overlay-opacity":"","overlay-gradient":""}},"footnotes":""},"class_list":["post-2","page","type-page","status-publish","hentry"],"yoast_head":"<!-- This site is optimized with the Yoast SEO plugin v27.3 - https:\/\/yoast.com\/product\/yoast-seo-wordpress\/ -->\n<title>Rechtliches - Clos de l&#039;Olivier<\/title>\n<meta name=\"robots\" content=\"index, follow, max-snippet:-1, max-image-preview:large, max-video-preview:-1\" \/>\n<link rel=\"canonical\" href=\"https:\/\/closdelolivier.fr\/fr\/disclaimer\/\" \/>\n<meta property=\"og:locale\" content=\"fr_FR\" \/>\n<meta property=\"og:type\" content=\"article\" \/>\n<meta property=\"og:title\" content=\"Rechtliches - Clos de l&#039;Olivier\" \/>\n<meta property=\"og:description\" content=\"ImpressumFamilie GrimaChemin La Siege 45F-26770 Aleyracinfo@closdelolivier.fr Haftungsbeschr\u00e4nkung Mit der Nutzung dieser Website akzeptieren Sie die nachfolgenden Bedingungen. Wir haben diese [&hellip;]\" \/>\n<meta property=\"og:url\" content=\"https:\/\/closdelolivier.fr\/fr\/disclaimer\/\" \/>\n<meta property=\"og:site_name\" content=\"Clos de l&#039;Olivier\" \/>\n<meta property=\"article:modified_time\" content=\"2024-07-01T08:35:41+00:00\" \/>\n<meta name=\"twitter:card\" content=\"summary_large_image\" \/>\n<meta name=\"twitter:label1\" content=\"Dur\u00e9e de lecture estim\u00e9e\" \/>\n\t<meta name=\"twitter:data1\" content=\"1 minute\" \/>\n<script type=\"application\/ld+json\" class=\"yoast-schema-graph\">{\"@context\":\"https:\\\/\\\/schema.org\",\"@graph\":[{\"@type\":\"WebPage\",\"@id\":\"https:\\\/\\\/closdelolivier.fr\\\/disclaimer\\\/\",\"url\":\"https:\\\/\\\/closdelolivier.fr\\\/disclaimer\\\/\",\"name\":\"Rechtliches - Clos de l&#039;Olivier\",\"isPartOf\":{\"@id\":\"https:\\\/\\\/closdelolivier.fr\\\/#website\"},\"datePublished\":\"2024-05-07T11:05:00+00:00\",\"dateModified\":\"2024-07-01T08:35:41+00:00\",\"breadcrumb\":{\"@id\":\"https:\\\/\\\/closdelolivier.fr\\\/disclaimer\\\/#breadcrumb\"},\"inLanguage\":\"fr-FR\",\"potentialAction\":[{\"@type\":\"ReadAction\",\"target\":[\"https:\\\/\\\/closdelolivier.fr\\\/disclaimer\\\/\"]}]},{\"@type\":\"BreadcrumbList\",\"@id\":\"https:\\\/\\\/closdelolivier.fr\\\/disclaimer\\\/#breadcrumb\",\"itemListElement\":[{\"@type\":\"ListItem\",\"position\":1,\"name\":\"Startseite\",\"item\":\"https:\\\/\\\/closdelolivier.fr\\\/\"},{\"@type\":\"ListItem\",\"position\":2,\"name\":\"Disclaimer\"}]},{\"@type\":\"WebSite\",\"@id\":\"https:\\\/\\\/closdelolivier.fr\\\/#website\",\"url\":\"https:\\\/\\\/closdelolivier.fr\\\/\",\"name\":\"Clos de l'Olivier\",\"description\":\"Charmantes Ferienhaus in der traumhaften Provence\",\"publisher\":{\"@id\":\"https:\\\/\\\/closdelolivier.fr\\\/#organization\"},\"potentialAction\":[{\"@type\":\"SearchAction\",\"target\":{\"@type\":\"EntryPoint\",\"urlTemplate\":\"https:\\\/\\\/closdelolivier.fr\\\/?s={search_term_string}\"},\"query-input\":{\"@type\":\"PropertyValueSpecification\",\"valueRequired\":true,\"valueName\":\"search_term_string\"}}],\"inLanguage\":\"fr-FR\"},{\"@type\":\"Organization\",\"@id\":\"https:\\\/\\\/closdelolivier.fr\\\/#organization\",\"name\":\"Clos de l'Olivier\",\"url\":\"https:\\\/\\\/closdelolivier.fr\\\/\",\"logo\":{\"@type\":\"ImageObject\",\"inLanguage\":\"fr-FR\",\"@id\":\"https:\\\/\\\/closdelolivier.fr\\\/#\\\/schema\\\/logo\\\/image\\\/\",\"url\":\"https:\\\/\\\/closdelolivier.fr\\\/wp-content\\\/uploads\\\/2024\\\/05\\\/closdelolivier-logo.svg\",\"contentUrl\":\"https:\\\/\\\/closdelolivier.fr\\\/wp-content\\\/uploads\\\/2024\\\/05\\\/closdelolivier-logo.svg\",\"width\":283,\"height\":103,\"caption\":\"Clos de l'Olivier\"},\"image\":{\"@id\":\"https:\\\/\\\/closdelolivier.fr\\\/#\\\/schema\\\/logo\\\/image\\\/\"}}]}<\/script>\n<!-- \/ Yoast SEO plugin. -->","yoast_head_json":{"title":"Rechtliches - Clos de l&#039;Olivier","robots":{"index":"index","follow":"follow","max-snippet":"max-snippet:-1","max-image-preview":"max-image-preview:large","max-video-preview":"max-video-preview:-1"},"canonical":"https:\/\/closdelolivier.fr\/fr\/disclaimer\/","og_locale":"fr_FR","og_type":"article","og_title":"Rechtliches - Clos de l&#039;Olivier","og_description":"ImpressumFamilie GrimaChemin La Siege 45F-26770 Aleyracinfo@closdelolivier.fr Haftungsbeschr\u00e4nkung Mit der Nutzung dieser Website akzeptieren Sie die nachfolgenden Bedingungen. Wir haben diese [&hellip;]","og_url":"https:\/\/closdelolivier.fr\/fr\/disclaimer\/","og_site_name":"Clos de l&#039;Olivier","article_modified_time":"2024-07-01T08:35:41+00:00","twitter_card":"summary_large_image","twitter_misc":{"Dur\u00e9e de lecture estim\u00e9e":"1 minute"},"schema":{"@context":"https:\/\/schema.org","@graph":[{"@type":"WebPage","@id":"https:\/\/closdelolivier.fr\/disclaimer\/","url":"https:\/\/closdelolivier.fr\/disclaimer\/","name":"Rechtliches - Clos de l&#039;Olivier","isPartOf":{"@id":"https:\/\/closdelolivier.fr\/#website"},"datePublished":"2024-05-07T11:05:00+00:00","dateModified":"2024-07-01T08:35:41+00:00","breadcrumb":{"@id":"https:\/\/closdelolivier.fr\/disclaimer\/#breadcrumb"},"inLanguage":"fr-FR","potentialAction":[{"@type":"ReadAction","target":["https:\/\/closdelolivier.fr\/disclaimer\/"]}]},{"@type":"BreadcrumbList","@id":"https:\/\/closdelolivier.fr\/disclaimer\/#breadcrumb","itemListElement":[{"@type":"ListItem","position":1,"name":"Startseite","item":"https:\/\/closdelolivier.fr\/"},{"@type":"ListItem","position":2,"name":"Disclaimer"}]},{"@type":"WebSite","@id":"https:\/\/closdelolivier.fr\/#website","url":"https:\/\/closdelolivier.fr\/","name":"Clos de l'Olivier","description":"Charmantes Ferienhaus in der traumhaften Provence","publisher":{"@id":"https:\/\/closdelolivier.fr\/#organization"},"potentialAction":[{"@type":"SearchAction","target":{"@type":"EntryPoint","urlTemplate":"https:\/\/closdelolivier.fr\/?s={search_term_string}"},"query-input":{"@type":"PropertyValueSpecification","valueRequired":true,"valueName":"search_term_string"}}],"inLanguage":"fr-FR"},{"@type":"Organization","@id":"https:\/\/closdelolivier.fr\/#organization","name":"Clos de l'Olivier","url":"https:\/\/closdelolivier.fr\/","logo":{"@type":"ImageObject","inLanguage":"fr-FR","@id":"https:\/\/closdelolivier.fr\/#\/schema\/logo\/image\/","url":"https:\/\/closdelolivier.fr\/wp-content\/uploads\/2024\/05\/closdelolivier-logo.svg","contentUrl":"https:\/\/closdelolivier.fr\/wp-content\/uploads\/2024\/05\/closdelolivier-logo.svg","width":283,"height":103,"caption":"Clos de l'Olivier"},"image":{"@id":"https:\/\/closdelolivier.fr\/#\/schema\/logo\/image\/"}}]}},"_links":{"self":[{"href":"https:\/\/closdelolivier.fr\/fr\/wp-json\/wp\/v2\/pages\/2","targetHints":{"allow":["GET"]}}],"collection":[{"href":"https:\/\/closdelolivier.fr\/fr\/wp-json\/wp\/v2\/pages"}],"about":[{"href":"https:\/\/closdelolivier.fr\/fr\/wp-json\/wp\/v2\/types\/page"}],"author":[{"embeddable":true,"href":"https:\/\/closdelolivier.fr\/fr\/wp-json\/wp\/v2\/users\/1"}],"replies":[{"embeddable":true,"href":"https:\/\/closdelolivier.fr\/fr\/wp-json\/wp\/v2\/comments?post=2"}],"version-history":[{"count":0,"href":"https:\/\/closdelolivier.fr\/fr\/wp-json\/wp\/v2\/pages\/2\/revisions"}],"wp:attachment":[{"href":"https:\/\/closdelolivier.fr\/fr\/wp-json\/wp\/v2\/media?parent=2"}],"curies":[{"name":"wp","href":"https:\/\/api.w.org\/{rel}","templated":true}]}}